{"id":247,"date":"2012-03-01T18:15:24","date_gmt":"2012-03-01T16:15:24","guid":{"rendered":"http:\/\/villakanger.fi\/?page_id=247"},"modified":"2012-03-02T11:57:41","modified_gmt":"2012-03-02T09:57:41","slug":"kaytto-ja-varausehdot","status":"publish","type":"page","link":"https:\/\/villakanger.fi\/?page_id=247","title":{"rendered":"K\u00e4ytt\u00f6- ja varausehdot"},"content":{"rendered":"<p>Kohteemme k\u00e4ytt\u00f6\u00e4, varaamista ja varauksen peruutusta koskevat ehdot l\u00f6yd\u00e4t t\u00e4st\u00e4 dokumentista:<\/p>\n<p><a href=\"http:\/\/villakanger.fi\/wp-content\/uploads\/2012\/03\/Villa-Kanger-varausehdot-2012.pdf\">Villa Kanger varausehdot 2012<\/a>\u00a0(pdf)<\/p>\n","protected":false},"excerpt":{"rendered":"<p>Kohteemme k\u00e4ytt\u00f6\u00e4, varaamista ja varauksen peruutusta koskevat ehdot l\u00f6yd\u00e4t t\u00e4st\u00e4 dokumentista: Villa Kanger varausehdot 2012\u00a0(pdf)<\/p>\n","protected":false},"author":1,"featured_media":0,"parent":0,"menu_order":7,"comment_status":"closed","ping_status":"closed","template":"","meta":{"footnotes":""},"class_list":["post-247","page","type-page","status-publish","hentry"],"_links":{"self":[{"href":"https:\/\/villakanger.fi\/index.php?rest_route=\/wp\/v2\/pages\/247","targetHints":{"allow":["GET"]}}],"collection":[{"href":"https:\/\/villakanger.fi\/index.php?rest_route=\/wp\/v2\/pages"}],"about":[{"href":"https:\/\/villakanger.fi\/index.php?rest_route=\/wp\/v2\/types\/page"}],"author":[{"embeddable":true,"href":"https:\/\/villakanger.fi\/index.php?rest_route=\/wp\/v2\/users\/1"}],"replies":[{"embeddable":true,"href":"https:\/\/villakanger.fi\/index.php?rest_route=%2Fwp%2Fv2%2Fcomments&post=247"}],"version-history":[{"count":7,"href":"https:\/\/villakanger.fi\/index.php?rest_route=\/wp\/v2\/pages\/247\/revisions"}],"predecessor-version":[{"id":255,"href":"https:\/\/villakanger.fi\/index.php?rest_route=\/wp\/v2\/pages\/247\/revisions\/255"}],"wp:attachment":[{"href":"https:\/\/villakanger.fi\/index.php?rest_route=%2Fwp%2Fv2%2Fmedia&parent=247"}],"curies":[{"name":"wp","href":"https:\/\/api.w.org\/{rel}","templated":true}]}}