{"id":2,"date":"2012-02-27T11:55:56","date_gmt":"2012-02-27T09:55:56","guid":{"rendered":"http:\/\/villakanger.fi\/?page_id=2"},"modified":"2015-09-10T12:28:22","modified_gmt":"2015-09-10T09:28:22","slug":"about","status":"publish","type":"page","link":"http:\/\/villakanger.fi\/?page_id=2","title":{"rendered":"Esittely"},"content":{"rendered":"<p>Villa Kanger on\u00a0vuonna 2012 valmistunut, hyvin varusteltu huvila rauhallisella paikalla oman lammen rannalla &#8211;\u00a0 vain 10 minuutin ajomatkan p\u00e4\u00e4ss\u00e4 Rukan palveluista. Huvilassa on kaksi makuuhuonetta ja parvi. Vuodepaikat l\u00f6ytyv\u00e4t 7+2 henkil\u00f6lle. Viihtyis\u00e4t saunatilat mahdollistavat rentoutumisen l\u00e4mm\u00f6ss\u00e4 ja saunasta on mahdollisuus k\u00e4yd\u00e4 kes\u00e4ll\u00e4 uimassa ja talvella avannossa. K\u00e4yt\u00f6ss\u00e4si on my\u00f6s erillinen ranta\/pihasauna jossa viihtyis\u00e4 oleskelutila.<\/p>\n<p><strong>Harrastusmahdollisuudet<\/strong><br \/>\nL\u00e4hiseutu tarjoaa hyv\u00e4t kes\u00e4- ja talviharrastusmahdollisuudet. Huvila sijaitsee alueella, joka mahdollistaa monipuoliset aktiviteetit joko omatoimisesti tai esim. Rukan palvelujen kautta (laskettelu, hiihto, moottorikelkkailu, husky-safarit yms.).<\/p>\n<p><strong>Laskettelu<\/strong><br \/>\nRukan laskettelurinteet noin 10 minuutin ajomatkan p\u00e4\u00e4ss\u00e4.<br \/>\n<a title=\"Ruka.fi\" href=\"http:\/\/www.ruka.fi\" target=\"_blank\">www.ruka.fi<\/a><\/p>\n<p><strong>Hiihto<\/strong><br \/>\nHuvilan vierest\u00e4 l\u00e4htev\u00e4 2km l\u00e4hilatu asukkaiden k\u00e4yt\u00f6ss\u00e4. L\u00e4hin valaistu latu (5km) Oivangin Leiririkeskuksessa kuuden kilometrin p\u00e4\u00e4ss\u00e4.<\/p>\n<p><a href=\"http:\/\/koillism.teamwareplaza.com\/dman\/Document.phx?cmd=download&amp;action=view&amp;documentId=rp06606141217128\" target=\"_blank\">Kuusamon latukartta<\/a> <a title=\"Rukan latukartta\" href=\"http:\/\/koillism.teamwareplaza.com\/dman\/Document.phx?cmd=download&amp;action=view&amp;documentId=yb06606141847323\" target=\"_blank\">Rukan latukartta<\/a><\/p>\n<p><strong>Retkeily, lumikenk\u00e4ily, maastopy\u00f6r\u00e4ily<\/strong><br \/>\nL\u00e4hist\u00f6ll\u00e4 sijaitsevan Kouvervaaran mahtava vaara-muodostelma tarjoaa upeat vaellus- ja maastopy\u00f6r\u00e4reitit huikean Kitkaj\u00e4rven maisemiin. Hieman kauempaa n.25km p\u00e4\u00e4st\u00e4 l\u00e4htee Pieni karhunkierros -vaellusreitti, joka on loistava p\u00e4iv\u00e4retkikohde, t\u00e4m\u00e4 p\u00e4iv\u00e4reitti on osa maankuulua Karhunkierros vaellusreitti\u00e4. Retkeilij\u00e4n kannattaa harkita k\u00e4yntia my\u00f6s Riisitunturilla. Eik\u00e4 aina tarvitse l\u00e4hte\u00e4 t\u00e4ysmittaiselle jotokselle, vaan voit l\u00e4hte\u00e4 lyhyemm\u00e4llekin retkelle tai vaikkapa sauvak\u00e4velem\u00e4\u00e4n.<br \/>\n<a title=\"Pieni karhunkierros\" href=\"http:\/\/www.luontoon.fi\/retkikohteet\/reitit\/pienikarhunkierros12km\/Sivut\/Default.aspx\" target=\"_blank\">Pieni karhunkierros<\/a> <a title=\"Karhunkierros\" href=\"http:\/\/www.luontoon.fi\/retkikohteet\/reitit\/karhunkierros80km\/Sivut\/Default.aspx\" target=\"_blank\">Karhunkierros<\/a> <a title=\"Riisitunturi\" href=\"http:\/\/www.luontoon.fi\/retkikohteet\/kansallispuistot\/riisitunturi\/Sivut\/Default.aspx\" target=\"_blank\">Riisitunturi<\/a> <a title=\"Oulangan kansallispuisto\" href=\"http:\/\/www.luontoon.fi\/retkikohteet\/kansallispuistot\/oulanka\/Sivut\/Default.aspx\" target=\"_blank\">Oulangan kansallispuisto<\/a><\/p>\n<p>Huvilalla on asukkaiden k\u00e4yt\u00f6ss\u00e4 kahdet lumikeng\u00e4t ja sauvak\u00e4velyyn\/lumikenk\u00e4ilyyn soveltuvat sauvat. Heti huvilan takana on lapsille ja aikuisillekin vauhdikas m\u00e4enlaskupaikka, pulkat ja liukurit kuuluvat huvilan varustukseen.<\/p>\n<p><strong>Avantouinti<\/strong><br \/>\nTalvella Huvilan rannassa on k\u00e4yt\u00f6ss\u00e4 avantouintipaikka.<\/p>\n<p><strong>Kalastus<\/strong><br \/>\nL\u00e4heiset vesist\u00f6t Kuontij\u00e4rvi, Jauranen ja Kangerj\u00e4rvi mahdollistavat monipuolisen kalastamisen. Kysy lis\u00e4\u00e4 is\u00e4nnilt\u00e4si!<\/p>\n<p><strong>Veneily<\/strong><br \/>\nHuvilan varustuksiin kuuluu soutuvene, jolla mahdollisuus liikkua l\u00e4heisell\u00e4 j\u00e4rvell\u00e4 (Jauranen).<\/p>\n<p><strong>Marjastus, sienestys<\/strong><br \/>\nAlueen l\u00e4heisyydess\u00e4 olevat maastot ovat otollisia marjastukselle ja sienestykselle.<\/p>\n<p><strong>Moottorikelkkailu<\/strong><br \/>\nL\u00e4hin moottorikelkkareitti n. 6km p\u00e4\u00e4ss\u00e4, huvilalta yhteys hoidetulle reitille vesist\u00f6n (kuontij\u00e4rvi) kautta.<\/p>\n<p><strong>Golf<br \/>\n<\/strong>Kuusamon Tropiikin alueelle\u00a0valmistus\u00a0kes\u00e4ll\u00e4 2014\u00a0t\u00e4ysimittainen 18-reik\u00e4inen kentt\u00e4. <a href=\"http:\/\/www.kuusamogolf.fi\">Kuusamo Golf<\/a><\/p>\n","protected":false},"excerpt":{"rendered":"<p>Villa Kanger on\u00a0vuonna 2012 valmistunut, hyvin varusteltu huvila rauhallisella paikalla oman lammen rannalla &#8211;\u00a0 vain 10 minuutin ajomatkan p\u00e4\u00e4ss\u00e4 Rukan palveluista. Huvilassa on kaksi makuuhuonetta ja parvi. Vuodepaikat l\u00f6ytyv\u00e4t 7+2 henkil\u00f6lle. Viihtyis\u00e4t saunatilat mahdollistavat rentoutumisen l\u00e4mm\u00f6ss\u00e4 ja saunasta on mahdollisuus &hellip; <a href=\"http:\/\/villakanger.fi\/?page_id=2\">Lue loppuun <span class=\"meta-nav\">&rarr;<\/span><\/a><\/p>\n","protected":false},"author":1,"featured_media":0,"parent":0,"menu_order":0,"comment_status":"open","ping_status":"open","template":"","meta":{"footnotes":""},"class_list":["post-2","page","type-page","status-publish","hentry"],"_links":{"self":[{"href":"http:\/\/villakanger.fi\/index.php?rest_route=\/wp\/v2\/pages\/2","targetHints":{"allow":["GET"]}}],"collection":[{"href":"http:\/\/villakanger.fi\/index.php?rest_route=\/wp\/v2\/pages"}],"about":[{"href":"http:\/\/villakanger.fi\/index.php?rest_route=\/wp\/v2\/types\/page"}],"author":[{"embeddable":true,"href":"http:\/\/villakanger.fi\/index.php?rest_route=\/wp\/v2\/users\/1"}],"replies":[{"embeddable":true,"href":"http:\/\/villakanger.fi\/index.php?rest_route=%2Fwp%2Fv2%2Fcomments&post=2"}],"version-history":[{"count":54,"href":"http:\/\/villakanger.fi\/index.php?rest_route=\/wp\/v2\/pages\/2\/revisions"}],"predecessor-version":[{"id":656,"href":"http:\/\/villakanger.fi\/index.php?rest_route=\/wp\/v2\/pages\/2\/revisions\/656"}],"wp:attachment":[{"href":"http:\/\/villakanger.fi\/index.php?rest_route=%2Fwp%2Fv2%2Fmedia&parent=2"}],"curies":[{"name":"wp","href":"https:\/\/api.w.org\/{rel}","templated":true}]}}